{"id":1530,"date":"2016-01-12T08:13:26","date_gmt":"2016-01-12T08:13:26","guid":{"rendered":"http:\/\/sites.liu.se\/fenomen\/?page_id=1530"},"modified":"2020-08-10T07:50:35","modified_gmt":"2020-08-10T07:50:35","slug":"teknik-4-6","status":"publish","type":"page","link":"https:\/\/www.fenomenmagasinet.se\/?page_id=1530","title":{"rendered":"Teknik 4-6"},"content":{"rendered":"<h2><strong>Knak &amp; Brak<\/strong><\/h2>\n<p>Dragkrafter och tryckkrafter, vad inneb\u00e4r det? Vad har wellpapp och altantak gemensamt? Hur kan man bygga f\u00f6r att det ska bli s\u00e5 stabilt som m\u00f6jligt? En kortare inledning kring teknik och olika typer av materiel varefter eleverna f\u00e5r i uppgift att bygga l\u00e4tt men starkt!<\/p>\n<p>&nbsp;<\/p>\n<h2><strong>Luftracet<\/strong><\/h2>\n<p>Vi bygger\u00a0en bil\u00a0driven av luft! Vi trimmar den och ser till att vinna racet.<em><br \/>\n<\/em><\/p>\n<p>&nbsp;<\/p>\n<h2><strong>De fem m\u00e4ktiga maskinerna<\/strong><\/h2>\n<p>De fem m\u00e4ktiga maskinerna har funnits sedan antiken men de anv\u00e4ndes f\u00f6rmodligen l\u00e5ngt innan dess. De brukar kallas f\u00f6r &#8221;De m\u00e4ktiga fem&#8221; och best\u00e5r av: kilen, h\u00e4vst\u00e5ngen, lutande planet, hjulet och skruven. De har alla gemensamt att de sparar kraft vid arbete, man brukar s\u00e4ga &#8221;det man sparar i kraft f\u00f6rlorar man i v\u00e4g&#8221;. I detta tema kommer vi g\u00e5 igenom de fem m\u00e4ktiga maskinerna och sedan f\u00e5r eleverna en praktiskt uppgift som de ska l\u00f6sa tillsammans i mindre grupper.<\/p>\n<p>&nbsp;<\/p>\n<h2><strong>Makal\u00f6sa Manicker<\/strong><\/h2>\n<p>Efter en kort introduktion kring tekniska system och vem Rube Goldberg var och hans koppling till Pettson och Findus, f\u00e5r eleverna i uppdrag att i sm\u00e5grupper tillverka en Makal\u00f6s Manick med m\u00e5let att den ska plinga i en klocka!<br \/>\nTill sin hj\u00e4lp har de en m\u00e4ngd olika materiel som t.ex. magneter, kulor, klotsar, tr\u00e4stavar, leksaksbilar, sn\u00f6ren, tejp, r\u00f6r, tr\u00e4lister, kaplastavar, hinkar mm och s\u00e5klart sin fantasi och sina kompisar!<\/p>\n<p>&nbsp;<\/p>\n<h2><strong>Bygg en batteridriven Graffiti-Konstn\u00e4r!<\/strong><\/h2>\n<p>Med en plastburk, en liten elmotor, ett tr\u00e4hjul, batterier, tuschpennor och tejp f\u00e5r eleverna bygga en \u201dGraffiti-Robot\u201d som sedan f\u00e5r vandra runt och skapa ett konstverk.<br \/>\nKonstverket f\u00e5r eleverna ta med hem.<\/p>\n<p>&nbsp;<\/p>\n<h2><strong>Skoj med Kugghjul<\/strong><\/h2>\n<p>Vi pratar lite teknik i vardagen och vad hjul och kugghjul kan anv\u00e4ndas till.<br \/>\nBarnen f\u00e5r sedan i uppdrag att i sm\u00e5grupper bygga ihop kugghjul i olika storlekar till en l\u00e5ng bana. M\u00e5let \u00e4r att de ska f\u00e5 ett tr\u00e4d med apor att snurra runt!<\/p>\n<p>&nbsp;<\/p>\n<h2><strong>Bee-Bot Programmering<\/strong><\/h2>\n<p>Barnen\/eleverna f\u00e5r pr\u00f6va p\u00e5 enkel programmering med syfte att i tidig \u00e5lder v\u00e4cka och uppmuntra teknikintresset. Det \u00e4r ocks\u00e5 en introduktion till hur enkla program skapas.<br \/>\nBee-Bot \u00e4r en robot som enkelt programmeras att r\u00f6ra sig i best\u00e4mda banor och med best\u00e4mda avst\u00e5nd med hj\u00e4lp av sex olika knappar; fram\u00e5t, bak\u00e5t, sv\u00e4ng v\u00e4nster, sv\u00e4ng h\u00f6ger, paus och stopp.<br \/>\nBarnen\/eleverna f\u00e5r bland annat tr\u00e4na p\u00e5 logiskt t\u00e4nkande och algoritmer p\u00e5 ett lustfyllt s\u00e4tt!<br \/>\nL\u00e5t Bee-Bot t.ex. \u00e5ka och handla fisk, leta efter en skatt eller leta bokst\u00e4ver! Materielen kan anpassas i det o\u00e4ndliga utifr\u00e5n barnens \u00e5lder och f\u00f6rkunskaper.<\/p>\n<p><a href=\"https:\/\/liu.se\/fenomen\/?attachment_id=2407\" rel=\"attachment wp-att-2407\"><img fetchpriority=\"high\" decoding=\"async\" class=\"alignleft wp-image-2407\" src=\"https:\/\/www.fenomenmagasinet.se\/wp-content\/uploads\/Grundutf\u00f6rande_bilder-1-300x300.jpg\" alt=\"\" width=\"237\" height=\"237\" srcset=\"https:\/\/www.fenomenmagasinet.se\/wp-content\/uploads\/Grundutf\u00f6rande_bilder-1-300x300.jpg 300w, https:\/\/www.fenomenmagasinet.se\/wp-content\/uploads\/Grundutf\u00f6rande_bilder-1-150x150.jpg 150w, https:\/\/www.fenomenmagasinet.se\/wp-content\/uploads\/Grundutf\u00f6rande_bilder-1-768x768.jpg 768w, https:\/\/www.fenomenmagasinet.se\/wp-content\/uploads\/Grundutf\u00f6rande_bilder-1-1024x1024.jpg 1024w, https:\/\/www.fenomenmagasinet.se\/wp-content\/uploads\/Grundutf\u00f6rande_bilder-1.jpg 1069w\" sizes=\"(max-width: 237px) 100vw, 237px\" \/><\/a><\/p>\n<h2><\/h2>\n<h2><img decoding=\"async\" style=\"font-size: 16px;\" src=\"data:image\/png;base64,iVBORw0KGgoAAAANSUhEUgAAAFEAAABRCAYAAACqj0o2AAAAAXNSR0IArs4c6QAAAARnQU1BAACxjwv8YQUAAAAJcEhZcwAADsMAAA7DAcdvqGQAAC46SURBVHhe7XwHvF1FvfXa7fRza9pNbnoIHWlBaVLEKBZExYJYUEEEfTZAkffko6hgQxRQEUUJok\/EggUs9CJ8dKSEQEgh\/fZ7T9\/tvLVm35OC4QkYkO\/7OZfJ2Wfv2TP\/WfMv6z97H6wmC\/5d\/qlij3\/+u\/wT5d8gboPyLzfnzYe3LMt8bu3cy7m8ZCA+GzBbnk8+n02ilyugLwmIGiBoRnBYraYF23bQtGxY5oqqwIlZgYgfNq\/pfFMteLnJazpjmfMJmDEv6C4D678Y3JfAJxIMAmERHIEWNR34cWiOdaYW6EggOKY6BFggEWu29XlvgMgi+Dzf4Hk2J6SmM1PUy7+6vOiamECVlJBV+ibN+uUvFuM3v+3D40uG0N2dh+XW0d6ewj67T8S8uRkceOAsTJmQZ1sbQaOMYGgYXlc3nHTO9OGpw5dJ2eYgxs3YACdzlZpH5WE0lixGbfHDcBs1BI\/fC2vXQ3HwxQ9jYOmj2Hm7HCZN78GESbPQ1tWOfNFGxk3h4AN3xk677ADbc1G68DzE1yxCes48xNPnwme7zOzdkd\/nUDSnTDY6bMlVWDp66cs2BzGg+Qm+YHgAjau\/i+j6WxCvXAJnwwY0h2M4Y0D\/\/nPQ+NoH0d07CqfdQa1tKsJmB6LAQ2ytQVDN4cGbq6is68CUfA09XzwfM5avgNdG\/1MowAoriNMpYMEBcD93Ntr22I++tE5fKlfw0uvoi6KJCgxjv\/0pSscdA2uU5yJOfkIaYWcEd44H94gsJr57Z2zI57E82BV9jRTvG4VntWHMWoJ0pgPlxQXccP5atNGHBn+8FZMH1mMuF2emHWF2d4rnQ\/iIUD77DMw68Syj9c1mg2OnE0FewvKCQTQmy2qE5x\/jJY\/k\/ej8YwtPX\/k9PHzq52C7EWa+kya7D01tZghvrodCsR19y9pw0+oKwr170JWeh2ZcRej68FMDDChlNAbK+MNnKyg\/1EtTb6C32IfdXhFhp9lNTOviKGUgM9aOxvRDkN3vWOQK8+C57Ryf8sSURxG75Yxf5PLCQeRdJsIaQUOMVUrIZNvQt3YD7rz3EZSW3YWeiY\/jFXtsQGFGiZOqwyXkdZrzDX8BrvpRFQOzxjD\/NB95L0NB8shkSkZtK5GN\/hUhBi+xcdDUIha+x8UOc7rRzDO6x2WEvB6wZlFA05+BqDEFXm5XeJn94WbmwnFcAskFfgm4h8oLN2eaqDx6QLP69Z\/q+Pa3VuE1By3D1OwS+M0nsd8BS7D9vDFOWDQFcFMu7r+njv++pIK7H2J8bjgYzpXQflANvbvZiNpj+LUm0uRCXdki5iPA4XMmYtf5NFuvhqgWUMNFgXIEOkvOSbcQUeu5NJGT5vJM5Pn5sNJ7oVhcAC81N5HzJSjPC0SZiRpH\/NezLSxbMYArfu9j0aI6lt1zP+ZNW4Rzz4tx6MFj1KoGRoIKtSNAfbiJWy4PcO1PR7F4wEN\/OkREVp2LHIw1qmjYeYTZKnbdpYC3HZXFwa+2MHPiKLIEvl4jSQ8Ibu5o1Krsr\/IHYFIKNTsLm2TSsz1kHQLbLCAMimiwwtoPufwBjPQ7UtpMIjun+WJlPM8LxDgmfWH0dRwPTz6xAd9Y1I+fX92OkSX3Ipu7AGf\/51P4yPETqJ4O6lYF2bSNNff6qKdOBu4dQdf3z0GflcPx60KsbLrkfzYnXcbO9JPHHp\/DG96SQc+0UWod4AfUTo7pMrBgUcDB\/wPZj38Gtd+fh+a6b8F7QwrRxG5s6E9hxaNprFzuYGS4g\/1l0N49HZOmzsFOO++L7XbYmz44b+TXVFXtbWznz08TWbWWK1eP4se\/GcKPr3Cw4u6bMXfGZfj6Nx7H616bg096UkeDGthE38\/6ES6yMOfyRxDd8HN4XzoFGRLrE1YBl41Y6G4L8N5js\/jwcUXMnVNHtdJAw0+yliZqaHDB3DVZWKfGyDxegX\/MScicfBbKV12CzPBf8It1K\/GT20YQOp3kk3kU2ydTAztRKHjontCGnt4Z2GnXPbHPvnti4gQurubASWxrhXxOS9KMIsRhYABcs6Yfv71pA678lUcA78Reu1+MK3+2FIcfOgHlkoOIFMRnt8vPXY\/s9btj1vm3IkxXUPnR14EOBoQwi8xIhAP3T+NnP5mMc76YwdSpZYySQ\/ohQ49rE0DONM7BdfLUVir2sIVUZw72Ly7C6F3XYeKnP4\/Cp67DnvFByC4dwpP96+lPmdXEo\/CjftT8EfQPDGD5ilW4\/777cMctt6K\/bzCZDFPIbV2cM1nGj7dapKhRVActGH4jwNV\/3oDvXdaFxTfeiP32vxDf+\/YqzJ8XYJSBNZOtYCjw8YfTapj1W2DG+T9Ec\/8FKF\/3S2SvvQqZChdhXYD0kR346PdSmLejtC9CqHxQUcoiePqPAaOpDQtOODMhhcZiF5k7y3A76fdK\/WjkOpHeaSdM73Aw89Y\/47rhAKUa8\/GojHRakT6NRoNBhx3Xq1UM9pd53UfnxC60Fwscy+KclOFY28RP\/kNNbJK+ONQO3w9w\/fXL8bOrc\/jb\/30Qe+x2OS68eBnmzG2gNJam4yeA9E+fPY6E96p+7PK2wxAUMhj6+NHwzj0N2UYaA+uZwi2wcdhXbHTnfdRGRbLHBzIl2Yqw3RipQoO+N4cbr\/dw2sMhro1dYF0FxWuvB054J4aOORKDg31YsP1cHEaXN9CoYN3QKFYsW02tW8UlGcCUjg2Y2bsU03ofQ+D\/EUse\/gtlHNE6Gb+4rQLNP\/SJTe24EOqLv\/8EvntZA48+OIip3d\/DZT+8BXu\/AqjQdIqFFMlzB074WB1P3tPALTt7mLTTriiPjqHw1KPMmW1UB1z0T6NFf5daRCCjcl29s28GK5LzkH60aWWQcpsEMMaTjxbwg6\/V8adrS1hbd\/HqNh9n+S7mUdp0Bx1GI0Q4oYD2yR24rlLBux6oI8VUcC\/K9Lo3t+FVBxQwZYpNH5mH56W5WC799QzO+FBM7Hkjs6LuZILboDynwEJCgg+fuAqLvj+AzvZFuOBbP8Xhr6ugSk3Kc3Jrn5qET3x0BLc83MRrelxcXvTRZpG\/UdGt9cw6aOq1WQ46vtkF6yAPzZIMgKDxL7Z9+j+aF8NROs+I7bfh11eE+MFFJTy1ijSoiybHYDPEFvvXGzgl28Re1FeXFKuZs5HKpLEmF+I70zPY95gM9n6lj\/YOMzKCOk23mSEVoonb1GSrQLK+HVzvMHRPehM1kdRoG5TnBOK6weWkICXcdcfNuOBLF+HNR6xEtZpCLhdhxeIcPnlShL8+5iNXTOFtHWmcFzF7qftoVC1UI5LkBTlMPGMmmvuSsoyFxEwANkyiGNIPWpxysRhj5dI0vnJmBb\/+LWlUlkB4DAI04yYxtx0H1TjALtTqD\/D7AWEdnQS203Lw+MQsJlzRic49SqiVGQR9LQyB4z02tVvVQpGazuBkF6mVuyBdeAfBfpVxH7IIQmGOXkh5Vp\/YwrbBYHLdr3+COLgEl37nj3jrmzegNJwiEbaw4qksPvnxGu4kgO05n8JFWFutY20QY6QSYmiig8JnezH1xzvA2seDVc5x9TNmmywW\/yNAjOfIZUPccX0WHzlmEFf\/NoJLBZIftggECQ88VfbZzvaPpmyadYzf7ca+3joRfds7yLzeQXEKg9sgAfdTlDpF4JkSMPeLYubnJJ6R2VXX4jHvbC5BUL0Zjco6nqcYzHtMnvgCy7Nqok7L8d51\/wP43S++g332egCHHTiEvtE+Emugf30Op5xUw633xHD5XRtQrrriJPeoWHjbwR046pwFyO0zC8HIKkT1fpruMIVmHi0Fo1Y5rs9o6uDnl0f48lk19NebcOgPm6EFh220u+1QQxS0VcZqDrrbLZzwIQ9v\/+AkzJlEX1oicFkPNoEajkYJfIV3KKcSlZF2yWm4nEuB0Z65tsvjqADXmodU6igUu99EwbVUL7xsVRM1rAAcGR3BfXfcje3mrMXerx5A\/\/BaOu8QlTEPZ51aw233hMh0cuJcxYA+p0aSXCrVMPU90\/HmnxyH7le9HfboLKSaRVKkLKfFSYu+MFilsgFCUpEvn13H5z5HGkI64qToI+spOMqMFLaVZsbiqECZVGjfV0S49NIsPvF5Gz1dQ6gwL0dbL\/t+PZzcEci5EziCNIpck35WNCnW\/TE1kRwyJlXj8nBuaQJZQug\/Qh66ehzqZOYvRCO3bs7UKHX1yGNLuIb34NWHDCGs9lFzKGKUw3lfiPHHm+vUSLZiemYTQDuIONE63nFkD8794nRM7ZqCIOigWQXEgmLGNHeaoWPF8BgIBoZd\/Nen6rj4wioipocxAeR0OUWSetEZcKJuhFqNOk4\/ePyxGXz38hwWHFhHmS4j8Ckjc+pmmCK9mo9s8c2kRq+k8uXNfqZZALoM7fW4dgFpEvdsqg15ZwLymQlmx8lzN9Ckr0Ft5CYGoXWaNoOoHoLJFSRVxr71uqk8qzkPDpXxl+uuxHbbX4ZJE5cz+S+hreDi+99M4RvfDBj0OICtJyCcDB14pRThqDfk8MVv5zC5YyLS9uG08Twin6lfuBzV+lKa8wiyjK4rl6fwhZNLuPHWKtws14xa77CP2DyYUiDhwhD3+piF3kkxPnO6g7ceSQ11SJ4bpEYEKWXxRjuNlDefi\/Ju5AtHc5GexNDQycxY7qOmufBSHq\/Tr9oKLDR5K4WQ84+o6UqfzS543MbayRnvgGz7kXQne5otO7kElWfnkpv0b+uayLJi2Qom8rejZ8IQnXAJ+aKFP\/0mh+9dSC3I1ODbHgJqmHZjqiUfCw+laX4tg1y6j\/xwiFp5K2qlmwj+g5z4ckpTIoAO\/nZPGp\/4wABuvq0Ku42mlUoxitLQOTntyigSs1P4YxFetVsTl17m4F1HM6eOx5hX03yVT3Ni0paI2h1FJM\/hYgLxEBegj6bLWE9ssvk2ZDMCkItCQKJmBY2QCxr3URbeE1dRD0ZQC9fz2tO891aURi+AP\/BnyhITPGVQ8pQSKKnGooxV8etmZauaGDQi3Hr7TzG59zK02Y\/BTlXxxGIbJx4bYXUffWA6IoDsy2EmU7Vx6O4pnP\/9PKb0rEejzijMHNGmOTJuGt\/kpsvIpPO4\/XYbp316EE+spC8tehReq5xI1GSYtG06P2pQUKfmvRH4zBc89M5kaliVaSVTYZgx7fUM2kaBlVHaa6dmTuc59fU0A0U\/23NB6BrkmHRvTKoVxwSCUhnHEZEXcEztT6bcNt5Lnx2n6L9fiXzH8Uhne4jXKAXjuA7pgkWOS2uRy9QupqWVGi8bQdSHqtKhVSvWYu3ab2LG7D8hDPpRr4\/h1I+4uOaWBn0JvUwzNA\/jK40M5s9w8MMf5jBnh2FUyiHvJ4icp01TiXlg0wTz2SKuuybGmZ\/3sX4ogF0kHHT4CgKarG6QcFGNGQtJ93HHZ3DCp2mO2SEGlbQBQsUxkm4qMkcatpE5RdO1FdKtMAGQ\/lAwGiBjykIfGVOLBV7MSKWAIwpkOTHS3gRyWkZtsqNcbiavZQkSrSEaYB\/aN+jm53zm3ccgkzvELL6soVW20ER1qncNli65iyp9Lk1zMdLFEVzyDQtf\/Cqjm+czMHByaW2WNlFgivbdS9tx6GvGUBqhsAow1AYJbGuLntwkl\/dw1RV5nHHGGOo0E4euLI44Yfo\/S\/6PHggWJ9dwkXF8\/MensvjwCZSiSZfB9iI5LQkpLIFLhNfepkNL0EN97fyk08yEiKG20QSWViWmZjnWHDVGEK3heUbpUJFbOx4MIY6CWBp9KwrwihVMYtajzCayhqgFAf05gxK11w8q6oJjT8XkKRch2\/ZWYxWtsumYgkopGoyyzWiZed6RyVlY9qCFyy4ro+GmGc0yjHTstK4trQinn9aNAw8qY5RZiMzL0srSRERPYmqrR8549aIs\/uuMMsphk9+pmZyEKIwBUApp1RHRfRSdGj79iQI+eJw0qAGf7RmJqJ4ETuCxtqzFiMtPPUuR38swN+bMk6gsrdWtYY6LvRCd3SdzlpPg+xWC0aDcNfPIwg9C+Fy4ofUEzW9g8lSCHpEpBCWQk8OhBeTs6WzDe4M0z7N\/fy36+r7GhVhtZGiVTSDKBPkX1EYo1FICVubqxbjshxaWD8TIu3qeTLPgn8+FPvbodhLeKgMHnT0nHJmVJ3j0gdKWXLoNv7iiiNPOYO7M9lmaW2JKm4a0lfI18igyFJ9ySheOOY5ZOrWgrgAsgVhkkMZCjFYmRQCm01xUmTAXNdlxpww00YDgmL1IewbbzED\/0NWkRH\/lNaafvrbdmG5qESlGLtOObIeLzu0YLBV82EaLoKEq5KWDQ6sJ\/tOcWwO1aBaq9nzUGo8ztbwxEWS8bJoRhZWYQaOffHAlctSiR++PcNtdAZMQmifB8e06aiTD++zi4NOf40QpUJOmKTO2aDpNmnLTI4C5LH713za+dE6ZfsWjtsjEEg0SNOyOJUatInDLOPWULI76QI3LT62MFK0FFFsa38aWBj8dUxsIeCrlMlUUUAxO5CxGQ9ko5mImAYNEPlqHwcFLUS3\/ktmSNJALRCuw6I6021PMFenfI\/rdBiI7pu\/PkEv28v4MSThZB7UUqCKguQf1txCDM+kHL+HCvxfDpXsk0HgRzdtYJDQFbg7Qn41x9ar4yx\/SqPtt5FrUUFEK+pyOfIjTzvLQ3VUi4PSD9Gchr0ljLHr+TMbD739VxOlnlTHM9M1LcXWpIbQ3Vk6Yjj+waE4k0O1eQL5YwDvfL\/pADWlQICqSZbIN+i5WUQ25CuNneaxtrUyGwYbfI7oUgcebOQRBjBQw2LdfRrW2jlY1RgA946JsMoVcPk2qVqSGGnJK4GRdLOwHlElBKmBbvyY+SuCZWMR4K73yyfQsC9hmNl3Im+iyJpm5JGULEFloNmgOIZNq4JHFEe55oGhWTI879TZWk7ntSSe2Y8GCJlW61Qm1gxMIXebQyOPum3M445xBlNg2l5EDl4CK2spsOBy1Nmi0oZ3u4fTPdOCIo2lmDh03B5C26g0KmdvmVe5B2pdhjuy61Pg4Y0xPwCdcURsNrFzlgFwyCKWJtCp5GmpnNtOJ9kIP2vKT6WY6qcF6AigN1sJqBorjPobHnubihsm9dDV+wLw6\/DAtZBLbOlQW+fIpvL+X7ZN7VbYEkSuK5qDxhXfeksJoVc7bp\/rbdL4RDtm7gPd+kGZYK1NoY5ickCKsnLCHZU+lGEQq2DBsI5+nOUQKNgRZGsVorOd3zbqLbq+Kz3+qgCPfT19EF6F3cJShJNRE\/eo4MX+B6Loy306kU8zBuQgGXKN50kD5QgEpLdQ9DBRMRUMCqEXL57No62RqmGWktqewTmYbaqJ2elil6TEtJtTjBM4x9sn\/JIyzJ+U9msBNQmhr54dQ87zUwiUlMtAZETk\/fWwsvNdNjZIjAkufoBmneYJalGY+2p3L42OnxJxMjcKKUNOAGRFlqY7nYXCgiXPP9vHYygZ5oSZPgLUdRfuMycWajKR+nZGUGnjKqXkcxcVoEAh6dIJdZyYx7ttYfT95Li0cXRLcLLUnzZwXjOgCK1QUlfZx7OSTroa+Ud9l5mQ5NHuHvjlPEyYZV5+87qZmMGLvwKXMm4dghJgaTt9q0T344w\/FSGfCZo7f30\/c5lFfGeWo+TIi0YmmNUZcJhEqZTQJaFuA2OQNctxPPmpjYCRLy6NUin7s\/H3v87D7PhETdnYaiMoo0rIDl\/fw3osuSOP6u+oUkvom7aHQ2gfUjqGrwakdhXQDp51u423HKNppy0p7kMoCVKWFCYgSTP7Q81wS3GkMcrP4naYaMlAF1F5WReLE3OUXEw3WpkRd22lEMZu3CZr2EbnoVB8HRc6ll\/7wcPrpHakApGDMvUmb6fOzzIpEebhwhNhvbk8N3YOAaasuZRZpeGyMspKP2lVSvy6DV6vYog9J5TcKpOfGK57WS5eEmSfrFRvz5jRpxuR5nKxFWq8NzojOPqQppEkzrroihSuvKpEWETKam4pCjUTXn0WzztCcz\/hcAUe9m2akzVGZLRfCuGE2JR4cXrk4yTMjfYEkPU0fVsy8mgHAR8VfZTSwSV8oLYilfTRj7VrXKmlUSpSP4xfbmWwWxEk5OY+LSes0b9u5Q0ZJLNKUQnZfWkeOpslF5JxdBk5xWmmDXlVpjO1Kot+BiJ0o5bzw6+fiz9ddgWJe2Q1reoqZY6vwNk2WlXOixZE4WxgaZuJOM5K2OVTfI99ho6eXfoempyisTemQE8ikHNx\/TxrfvnCUAjGTcXmPUGGJGAxqFkmzIjcj3imnFvH295QQ1mvUJGqOIiqvbQoeisAUQ1lOkTlsejYmtL8T9WA9yv5itlXKJp7HwMHgEdIXBo0URphcSAM7u7Jo76am5MaB42IrYwkYgethCeXKSnK\/G1Cq\/YT3PUoJXboT+VGyAi5wV1cOHV00c9KxUqkP9fJSs8h\/+OXvcMcNN2LGpF4ubgm59jaCQK3erGxpzlyy0TF6gQbBI4gNCjd3fojDXk8NJSUJqClJoalw0rV+Bxd8LcT6krgXtSOQFipqKd7RXwaMaDULH\/9EG4453sJoXeZCWkTVE2CbzFcBQt\/py1IhU0MCUjyYNGsxhms3UfOrHF\/PvZNNh2ymmyZUQLUkCuVjYk9A8BSVBYg2GtiP04mU1YvSaIhyucyAQb9YXkLueAmV5Br60P5xAOl\/RYsIdL4AtHWkMG32bejM\/R\/ElQuw+ukrcNBBM7HPgh2pOA8i364XpRJFaZUtQNTqVGtcDaq3Ng7SjofXvj6DLtKiiIBYPKcIJT+XJuBXXNHAHQ\/EpB7ULAYgyyMfa8p26IToS0M\/xjuPzOKjJ5F31ZhO0YTlKS1FawUe4W0YgfJjUhH2Iw5IY6Yct2Nk9E8cV0FD5st25B5Oqo3LU8Dw+hoyDHySTXluyHYyKC1kSMDGxvrRv2EN3QPNn\/f6TC0VsOI6OWSpwrFLcLSYRgiJweWl1lrU9rZMHV0TFmPixCvx6dMtfPL0FMG7lP7wCebSGcaXLWHb+I0wsDKvdbS9xMLcsad3BPsckKIzlxFTi4zZOaQNFh66z8aVP+Xkla1ImUwPetNf2pQiaFXMnlrAiZ9humePJJRDaZ40VbhRaIEpP9hgRpEmdcu3iUaEBHANAXyE42n\/kKJwTTRJjVWrDGHlk6spZxpdU+QXKR8JtXavtemqHLdWiTFWrqFuKXXdk6npSQToFLqFfenrmEBIqwm0ts7kSoxrYY2UrxvZaEEES3MqFEdp5gOc03LKu56WtfaZmrf5d6kozcPVEzmaBFdttz1tTO6h\/9Hmoa5qBcgLx4YsXPGDGINlsi3m\/jKJpDBCcmVrNeXaTZx8ShM9U8o0S2qxuBevq7bMWFxfO9m5HFND8jhlCyG1LWI4NddIpZSqaXLkz2hwwrX19GWDHtonU7vJEny2z6Tb2WvO7K7XajTrOv1wRNtsfBBx7atMRU8E0qfQsr7MfvainVQYQGzey8gtnkntS+RJ5NpUaDGiYRzfoehNrOcCPz1+bVPZBCK1AhiDnSYPYsi33VHsvCtJKs1UD9fNhiajbC6VxZ9\/H+Gmv5Jl0cfmGMVdRSQWraoeqgekN29\/ewcWLgxQHuOCcLKxXpUTCVYWyFVv0uzp16mBFiNqmsCJutBthOyLwFqMkpHu09ZVpJ0WnmY+27\/aY3tG06wCHYm3dmZIeSrVMfbNPumDI4Ifxu\/leh0PKzuNn7KQQVrEPNRH9zSap+feWjB+odLQBlmNxyeILVDNkvO83FBIcwgZWJrM6FougDNh3TztY+OI6uraS5DNdWICfc20Xq5ZnTMzqyCts7B6VR2\/+jknSjKrX0ZpEI9ByOOxPv1ahF3nZPChj8oMKbxWloBoc8BsFnB8gVevkV861KIc25HCaINAxTQ3mpeYl9I2+TiBP9LHXJfcrziV5ITnFIzEVRt6UYB5fKzAQlkb0UI0w6NIwbLUOqacsfYF6Xro06tBn\/HhYgMCSguvQY0mjtdNRT5cUGlbiezDUxKwmpX+YGN5Ru4chmM058eQYco2bUYK7R10wNoAYL+Jz7Rw\/R8sLF5KjcvqZp0ha6NAKXFEBo0Cg9KHP5TGNEZMn45Qfk8By\/y+hbNWHAmZZqXIy4ptSr1EuJO+dZ0DUkgBK7B5TDADmS2DlEut76ZiIc3gQauQKSprCnjNJ8nWooX+zvTh76MJd1BoLoxTg++QSTBc1UaXUEZWPZrlfYlFaCGeHUShaDPzKjPKj\/ZRvHiA5wiqUSsV4pD8gCbBMlRK1VxJgttEd1dEIi2uxcH05MyzMLChiev\/wmzBPEGTCcs5C176MvrLoAYsPCSHg99A06xXCZ3epSbrNT5TJkBQeNi0IvItZTsUmud8bV2Fesg1jdc9A5hx9IaMs39qqTaDc+28N6U3GcyDTcpFzYwYLX1+0z1NBo3mQvrf7WjS4pXUTC6CQxfjUCtr5TvpPx8jtmIDes6iuRETo9EJgJrPpsLvvKjts1ojRN96sg+HXLcxzLa8h4pBZ7BJE6W2qdREjA0OU\/03oKOdfpEr7TS1T0hdIoO9784UnlqWZkqVaCB7N8HGoteNmMD3dPp453tIeXJ18\/s9owmmZwGoIv8SM+K5RqsavsDjGGhDV3FH+r0i0zZO3GwoCEhpIHkj3USOaZyIeKsPia5nLHW9EF+naZJfhvEOHO5AWl6Z99NdcIzSQBnXX\/NTrF5KvuneaF7Aam7cGFZ\/SW1poTHvLQrZBc+7tBzxaCXY5cofeQudtLH1zcxZyHr2JKY1eQyse5AgUovMJoMcbxXVMQd3\/ZVwOASXjlq4aIWTPwYCTv4Nh7vYfXdqQF3BQXyRo5g3U6VvND9OPp11kCJ7UH4toWWuntNBsCoYHl1BLdMOOCuvy8ELwLReE9FDKCN1Iqt5EMWqJ5PqgytBEHejUU1lC3JRm6zCd\/Czn1yCi887C9f+7PPoyD\/I1DVnYNNiJBbIT2mJ6TOpm8r4NY7ruNrRL5MHW6RIN6MRLCYumvs4iPoiowba0TllR558jE56hAE7w9u1Be9QlW08\/hS\/0Sl7zFc94sS1YVXi7mO7XgdvfqsG42rS\/PRkzmyTyReKD9IsXQqSzSUrHtGUBCwhIoDDGBpZwfakNqwJf9QGrMssQg+iBKA4rCZEH0itbypQkRJps8HN6IGT9hnnsJnGUhDsxurlT+Ge2\/6K9lyWdK2MVLbOFJB9EQhtehiSL3fF9pJPDEVIaPvOJARqx9RVGqOhXQUqLU5tKQF9gs3lFhi4BJ2K2drnxDvad8ZOe4f0ZH3maVeTTtlzU1iznNGxn0DQN5oVMJU3MqhY1IaFb7IwY4eYUVJLucVymqJ0LEs+yHFN0JAfUvTVX435dKToLODlq1iVRmoT1owx3p3ZtN0sCEhbtUhGY2LywojBhMCoapMklStw4XJYeISLVy9kMy2u0eitlZbcz5Bd\/dHSpAhcKSoVU9B6hWa9QaNy0TgnfSaFAvHftLsbuidpp2ItTXncp1GgVSvluPNc6MT5qmq7XpF2Vm8Gh7xebcmvjB803ZvS2trPFeQeEr6leUsDxAt9X8Q4aafxpaHSQAGosRPOxvasHJXnpOms9NfJPaxGY0TQ2aFJOUmtyBk7OzrxoY9PxBFH0w9G9JN+wk2T\/rQQbG6K+n2WSvC0uRuS43JUzqWBRmUUzaBkWugVmI0gGjXm2WxuLtO6iehfP4zH7l7KIKMFLGBtXxpxSnuAFJiD2\/R1egatnZ39D4gxc7aIL7tTNNWkZBIE2bxlQDKuV+iM8KQm5rmIzJmkOlnpBOjkPq47OahevUucPM8Z0DUmpeQQZtufEVnPnC2XY5h3ERuc0BAzEa4IU8CoWkajuggLDlyMDiYFoYi7+hLd2khvkjETwFSEqoTkIKzGFfEMMTS\/blB2ZoViHsOwmJCo2JsHFiMsh\/FSM9HV+1lM2\/5QzJh7Brzc6zEwSqffJ1+o1y1EskUz6GgpxIT2JvY7hFTDU9TTpAVKUgSCarHIvFaScATzx\/tappgcEwSCL2ojKqVgZLIKc22ztvwzhR\/aQNXWmDZFHFdUipzUupuOfw3i8hoElUvR0fEbKuUQNZCoq1veqLr18vfnpeky4YgylIaBAnP7amMtHC6yl51p7hBh2AxEdkMnKU7YM\/kTOOA112G3A0\/GlKlfRK30Ljy1fA0cOntXzpRRWUytTuG2mxtix53JEZVBmMmqp2R1lVbp8akrbVG2YlaY0xhvkwAks6Tm8aTRE5J13a2Xh5J2KsmxgNaxMS+adJ3cTVFTmi4NTafup9O\/CNXS2WjruApek5bjMxqL0sgy2LfLNFNWJIvQc5oEPFX1LTikgbIayif152m9G1Qes9BO7lwZW4N02yRawA4J7MRiCxAdK6U4IZH5TTvQ\/NfrwqsOOg\/Hf\/IrcNJMgOoM84oOLgk3J7XHXg5XKDaACQz5SvUgcPR+TFrZhXlgzmjKNvpMTGV8YmyegB\/SD4r7tSak0pqYQBRRlyvQNp0CXJrpHvWvoeu0Asrr2VWCeROyhXvZNzkouVzTDXjOMxp+31053HlrBxwCKeCT\/seBZP+tqmQgsZg0+SFT3WW0Qn5mMzRlv4RC965wnVnUenXxDBA3lcSU9CnmbztpvP+4T+Ir3\/kWs4saeWCFNKOBroJP6sCVErEenzjxMEDpfs\/Ty0bSsiRAyGyTB1CiFnLYinpK15iRkMxrYgZsE0yopazmofx41TmZtdoQft7DHLziGn81NhyyEkrHY+Vi0GrMAhCUWMGOJriBadtXz6lh5dpu6oBPcBOZ\/74IWOFD\/0pe+eQjLmbPj1EqjcBiupvP7EfPmjPYCKOtgphoU1JcsnTbbE1FeO3CN+JLXz3f\/CKgQW44e5aF2bOpwcRbe86co2mnqq2vFNNGFQMInflGbmaO2YomrsDjeZw4A4\/tyHzUSWLarUcNpkh79cE\/syjMavTEUQpFPeF40lDdJ74ogTQHfueH2jdqMV7zugi9s+q46Lwa722jRtJ98Q61ExIUhVVBTg\/tLWQKMf7658i8wTFpml6Z2YBifjrbvsLoTMvq\/g7EFn1pVTV2qCUtOn7M+4\/DOV\/7OsrVBlas9rFyTYoZSB7ZLPPrcTKsyboERk8Oxf\/ke\/RWg3azVRO0pW3JQ30vJTcgwOQSkoknPamorY4katK3LsjpSyaHRFzvkWu9HJqcXpDS22IJG0x6ECH3OE6BeffpZ6axblmAM\/4zQiPuRqFAP8nrbjPHwKlNlBh2uopiVxp33pDDsieb2HdhgOHhMZJ1vWG7A93FLqZfWZLGsKglRq7nVExTzQBYtOgynHTix+AEdRz+li689nXAK3eXT9Mv45uMyHqgI9MjZ4t8cjuZeWKKyd4kzZMC66cWIvAK3uYa7zHZAv9agcpQH93DY12XyLreKtLOVpEWGgXgAiaKILehNgyFvEVM4fElDs78bICOLgcnfDKNHXerUdtomrQSafLAcAo3XJPGUL+Poz\/kEbQagmgU2fwUpHPHYvq0MzjSJv17fiBq2poJ\/7O52rffcRM+duJn8beH7+XgWRx2cAFnneOiq2MYOY\/5sHk+rD04ugOCpns1mgi6QHQULfVkjvIIkgSwpE3ruzFjKqmOTcZiridAtcrmU9Ch0WT+k9Aqc5ZjR\/wuIs8gQ9cx3OfhBxcD9z7QwMwZaczdjv7U095lBoNrI8zfKYcj3kfg3VHOQSbdwXnMxfRZ5yOX3ScRcLw8TxATgVuTUK1UKvjud76NH\/\/w53h0yUPYnunrmef04ID9gNqYXjdRMBGlSO6TDskPKsDoxUz5sc1Lq\/+NRSDSNnWn0Uye0qe2p1pli\/bjpeUWWqUlr86zJ6ay1LlsFiuXe7jnzgjrV\/A7raJnlo8Fr8pg5jxgrFRihPeQL3ahwYynI3cieqefZeZgHpWMl+cNosrmE22t9tjYKG6\/\/Q489rcnubI3YJdd\/sSAlPC\/5EmcIjLv4UQ0DYHopVzev1nwYNm8b1O0I200UVqooPVcQZRs41\/Gi0BMDpRFmRzNbNA6pGG65jCyKy2s13xTM9k0nGzBUKWUdRBmzbgQbq6Xfj0giEpLk\/KCQFTRbRo4uV3HmyRetfZDGF73I8Q0DW1sGAEpf+LjEpPUOb09Ia1o9aPrraLvZgwFNA6RfE8Ci3EpW5RN39nM9Mf\/zGertI4tk\/vzgBrOnnhs0y9rWWkh8t96PMs2hVwedpRFwx5FYM\/GvOmXo9i2l1lI3Z5sZiflGWv13MtGocY\/tfuiiarEAekDFUXvA7pewv1qVUbDepNkVQ+gEhoiZy\/cVMdv3UrRhfEq+qPpmk8B3qqbtTHAJMdJWvmM6\/rPjCcfLbAdEnZa0ihpW01vcWQZsTMEkime1Y\/QmoVZUy42AOqe8Vmbf1vlBYO49SJBmeXYU41gen9QgUM7MgI0Tb6lX2XJJzbqFoHVxoD4om5NtCcpiRb+fVGD\/622SvLd0CBjIVteE3Da69STxWpFC6vfRWdRbE9RXn6v2ijXhmG7+2L29B+gs\/sgLo3k0YL8fXnB5vz3ZbwbglEt34bFS4+BE67iuERRGQQdlM2hjBEZwKQlesikLTExf5NUGB9rojXnbeZPszPZDqv5RYJM2mhXq2jcZGzptvJr7YbrJXjz3VyS6lHzmMW0nqtIfyzm3emc9i2Zi3OssKHNXb0\/lEZ7+7sxs\/dMpHKz1Nj0tWkpNl+UbQpiUvQ\/G3L5NzB8LZY\/fTpTxIeQ45g+UVGgMa9I0Od4pDfm57jj9+npnbRXdIjyJpZrriY\/IdPvnXWcmCgv6roujx8mhSf0eIEoCexkAfTYVpc4Hkm1TU7qpJXpkKDTUevZdvImBF1OqNelt8fU3lMxeeIHNXKS+PyDss1BVNBQ8m\/bKQThINau+wEGB3+NsLSYHGzMaJg2Y5RhkLKZiSpv1q+VTMDl7baINbHULwG0WyPtEslOUkc2eYbIxqfyU\/M15FqaTwj0SkoqxQjLjCgmaNpia7lT9cVR2L8eilGezAy0dR6FnmmfYfY1jX0yrZRFkHz\/o7LNQUyKzM1MyXzT\/2alUrof1bHF5HxrUAvKqFafQKlyBwFrgBaFiOrGwMj0K2XSR+1Zmt+lSBXUjcQkuEbDWMwOiimM6mybqCM1i1WHnBirshSeU46u27lKeniVcuoEKTY\/rXPT26O76+2Y3PMe5HM7qxMWaTsXIhnqH5YXCcRWSYRJtu6Vl24q2q4fHLkFQyO\/R3XoNvrGJxBY+rlHcl1pm3LTJHJTxGdMKDF3Fl3abAo6SjaHZYpSdWqk2WUikOxDCwVrOtrz+6JzwmvR3flGZjA9PKlx2Mrk82KQzxFBlhcRRDMd\/pc4eLMjQ7mMRrAq6W+tdMNfz2D0EKP13RguPYBa7WGCuoYA1ozGCVe1HVdCUzYuiPoTRixqIz5KD2BsQUPqXpc5r52Zj0Jqd0bgBehofyXNdx6vjXdo6JbMX1\/MaDp4zuVF1sStF6NY46ok89zcbLSN5utHmbVlKI08BL\/+BH3WatT8QYKlNw9qnG6D7k2\/olcfvJn+12wIQ3uSnXAz0+CmpiFPoHLZuUil58DJTKcZF5JBWBIZxr9sLOP9Pc\/yLwFx87JpeJFofU\/s2Uxls\/kEUdWkW02mYEGkn0RI\/ZIGDkGkvvEbK8nyxv8ZJataqUdprjZDVOzxCLZ5RvPPlJcRiBTG7CkqGuuDU1debeYpgBJQWjWBelNpwSFXYY5NJ4rRyeIYqiKOqWvj5f8bEP\/3ItG2zURfzPLMBX2ZlZc\/gCovcxD\/XyjA\/wAVQcAYINYLsgAAAABJRU5ErkJggg==\" alt=\"\" width=\"81\" height=\"80\" \/><\/h2>\n<h2><\/h2>\n<h2><\/h2>\n<h2><\/h2>\n<h2><\/h2>\n<h2><\/h2>\n<p>&nbsp;<\/p>\n<p>&nbsp;<\/p>\n<p>&nbsp;<\/p>\n<h2><strong>Bygg ett larm<\/strong><\/h2>\n<p>Vi pratar om vad teknik \u00e4r f\u00f6r n\u00e5got. Vad har vi f\u00f6r tekniska l\u00f6sningar i hemmet? Vi utmanar eleverna med att bygga ett larm till ett litet hus.<\/p>\n<p>&nbsp;<\/p>\n<h2><strong>Knep &amp; Kn\u00e5p med K\u00b4nex<\/strong><\/h2>\n<p>Vi pratar om konstruktioner och att olika material \u00e4r bra till olika saker &#8211; t.ex. \u00e4r tyg inte s\u00e5 bra att bygga bilar av. Vi tittar p\u00e5 att man kan forma material p\u00e5 olika s\u00e4tt s\u00e5 att det blir stabilare. Eleverna f\u00e5r slutligen bygga en figur med hj\u00e4lp av K\u00b4nex.<\/p>\n<p>&nbsp;<\/p>\n<h2><strong>Titta vi flyger<\/strong><\/h2>\n<p>Vi b\u00f6rjar med en tillbakablick i flyghistorien d\u00e4r vi m\u00f6ter Br\u00f6derna Wright, Otto Lilienthal, Carl Cederstr\u00f6m och Charles Lindbergh mfl. Eleverna f\u00e5r sedan en uppgift att bygga ett flygplan som ska glidflyga s\u00e5 l\u00e5ngt som m\u00f6jligt.<\/p>\n","protected":false},"excerpt":{"rendered":"<p>Knak &amp; Brak Dragkrafter och tryckkrafter, vad inneb\u00e4r det? Vad har wellpapp och altantak gemensamt? Hur kan man bygga f\u00f6r [&hellip;]<\/p>\n","protected":false},"author":1,"featured_media":0,"parent":0,"menu_order":0,"comment_status":"closed","ping_status":"closed","template":"","meta":{"site-sidebar-layout":"default","site-content-layout":"","ast-site-content-layout":"default","site-content-style":"default","site-sidebar-style":"default","ast-global-header-display":"","ast-banner-title-visibility":"","ast-main-header-display":"","ast-hfb-above-header-display":"","ast-hfb-below-header-display":"","ast-hfb-mobile-header-display":"","site-post-title":"","ast-breadcrumbs-content":"","ast-featured-img":"","footer-sml-layout":"","ast-disable-related-posts":"","theme-transparent-header-meta":"","adv-header-id-meta":"","stick-header-meta":"","header-above-stick-meta":"","header-main-stick-meta":"","header-below-stick-meta":"","astra-migrate-meta-layouts":"default","ast-page-background-enabled":"default","ast-page-background-meta":{"desktop":{"background-color":"var(--ast-global-color-4)","background-image":"","background-repeat":"repeat","background-position":"center center","background-size":"auto","background-attachment":"scroll","background-type":"","background-media":"","overlay-type":"","overlay-color":"","overlay-opacity":"","overlay-gradient":""},"tablet":{"background-color":"","background-image":"","background-repeat":"repeat","background-position":"center center","background-size":"auto","background-attachment":"scroll","background-type":"","background-media":"","overlay-type":"","overlay-color":"","overlay-opacity":"","overlay-gradient":""},"mobile":{"background-color":"","background-image":"","background-repeat":"repeat","background-position":"center center","background-size":"auto","background-attachment":"scroll","background-type":"","background-media":"","overlay-type":"","overlay-color":"","overlay-opacity":"","overlay-gradient":""}},"ast-content-background-meta":{"desktop":{"background-color":"var(--ast-global-color-5)","background-image":"","background-repeat":"repeat","background-position":"center center","background-size":"auto","background-attachment":"scroll","background-type":"","background-media":"","overlay-type":"","overlay-color":"","overlay-opacity":"","overlay-gradient":""},"tablet":{"background-color":"var(--ast-global-color-5)","background-image":"","background-repeat":"repeat","background-position":"center center","background-size":"auto","background-attachment":"scroll","background-type":"","background-media":"","overlay-type":"","overlay-color":"","overlay-opacity":"","overlay-gradient":""},"mobile":{"background-color":"var(--ast-global-color-5)","background-image":"","background-repeat":"repeat","background-position":"center center","background-size":"auto","background-attachment":"scroll","background-type":"","background-media":"","overlay-type":"","overlay-color":"","overlay-opacity":"","overlay-gradient":""}},"footnotes":""},"class_list":["post-1530","page","type-page","status-publish","hentry"],"_links":{"self":[{"href":"https:\/\/www.fenomenmagasinet.se\/index.php?rest_route=\/wp\/v2\/pages\/1530","targetHints":{"allow":["GET"]}}],"collection":[{"href":"https:\/\/www.fenomenmagasinet.se\/index.php?rest_route=\/wp\/v2\/pages"}],"about":[{"href":"https:\/\/www.fenomenmagasinet.se\/index.php?rest_route=\/wp\/v2\/types\/page"}],"author":[{"embeddable":true,"href":"https:\/\/www.fenomenmagasinet.se\/index.php?rest_route=\/wp\/v2\/users\/1"}],"replies":[{"embeddable":true,"href":"https:\/\/www.fenomenmagasinet.se\/index.php?rest_route=%2Fwp%2Fv2%2Fcomments&post=1530"}],"version-history":[{"count":22,"href":"https:\/\/www.fenomenmagasinet.se\/index.php?rest_route=\/wp\/v2\/pages\/1530\/revisions"}],"predecessor-version":[{"id":2604,"href":"https:\/\/www.fenomenmagasinet.se\/index.php?rest_route=\/wp\/v2\/pages\/1530\/revisions\/2604"}],"wp:attachment":[{"href":"https:\/\/www.fenomenmagasinet.se\/index.php?rest_route=%2Fwp%2Fv2%2Fmedia&parent=1530"}],"curies":[{"name":"wp","href":"https:\/\/api.w.org\/{rel}","templated":true}]}}