{"id":1848,"date":"2016-02-17T15:51:31","date_gmt":"2016-02-17T15:51:31","guid":{"rendered":"http:\/\/sites.liu.se\/fenomen\/?page_id=1848"},"modified":"2017-09-15T09:58:42","modified_gmt":"2017-09-15T09:58:42","slug":"halsa-och-livsstil-f-3","status":"publish","type":"page","link":"https:\/\/www.fenomenmagasinet.se\/?page_id=1848","title":{"rendered":"H\u00e4lsa och livsstil F-3"},"content":{"rendered":"<p>&nbsp;<\/p>\n<h2>\u00a0<strong>Gr\u00f6na p\u00e5sen &#8211; var tar den v\u00e4gen?<\/strong><\/h2>\n<p>I Link\u00f6ping och p\u00e5 m\u00e5nga andra st\u00e4llen kastar man vissa saker i en gr\u00f6n p\u00e5se och resten i n\u00e5gon annan sopp\u00e5se. Varf\u00f6r g\u00f6r man det egentligen? Vad h\u00e4nder med p\u00e5sen n\u00e4r den sedan hamnat i soptunnan?<\/p>\n<p>Vi l\u00e4r oss lite mer om k\u00e4llsortering och hur man kan skilja p\u00e5 olika material. En del saker kan man inte kasta i gr\u00f6na p\u00e5sen, men det kanske kan \u00e5tervinnas eller anv\u00e4ndas som br\u00e4nsle?<\/p>\n<p>I Link\u00f6ping hamnar den gr\u00f6na p\u00e5sen hos Tekniska Verken. Vi f\u00f6ljer p\u00e5sens v\u00e4g f\u00f6r att se vad som h\u00e4nder med den &#8211; kanske kommer den till nytta till slut i alla fall?<\/p>\n<p><a href=\"https:\/\/www.fenomenmagasinet.se\/wp-content\/uploads\/Alla-tre-bilder.jpg\"><img fetchpriority=\"high\" decoding=\"async\" class=\"alignleft wp-image-2280\" src=\"https:\/\/www.fenomenmagasinet.se\/wp-content\/uploads\/Alla-tre-bilder-300x105.jpg\" alt=\"\" width=\"449\" height=\"157\" srcset=\"https:\/\/www.fenomenmagasinet.se\/wp-content\/uploads\/Alla-tre-bilder-300x105.jpg 300w, https:\/\/www.fenomenmagasinet.se\/wp-content\/uploads\/Alla-tre-bilder-768x269.jpg 768w, https:\/\/www.fenomenmagasinet.se\/wp-content\/uploads\/Alla-tre-bilder-1024x359.jpg 1024w, https:\/\/www.fenomenmagasinet.se\/wp-content\/uploads\/Alla-tre-bilder.jpg 1573w\" sizes=\"(max-width: 449px) 100vw, 449px\" \/><\/a><\/p>\n<p>&nbsp;<\/p>\n<p>&nbsp;<\/p>\n<p>&nbsp;<\/p>\n<p>&nbsp;<\/p>\n","protected":false},"excerpt":{"rendered":"<p>&nbsp; \u00a0Gr\u00f6na p\u00e5sen &#8211; var tar den v\u00e4gen? I Link\u00f6ping och p\u00e5 m\u00e5nga andra st\u00e4llen kastar man vissa saker i [&hellip;]<\/p>\n","protected":false},"author":1,"featured_media":0,"parent":0,"menu_order":0,"comment_status":"closed","ping_status":"closed","template":"","meta":{"site-sidebar-layout":"default","site-content-layout":"","ast-site-content-layout":"default","site-content-style":"default","site-sidebar-style":"default","ast-global-header-display":"","ast-banner-title-visibility":"","ast-main-header-display":"","ast-hfb-above-header-display":"","ast-hfb-below-header-display":"","ast-hfb-mobile-header-display":"","site-post-title":"","ast-breadcrumbs-content":"","ast-featured-img":"","footer-sml-layout":"","ast-disable-related-posts":"","theme-transparent-header-meta":"","adv-header-id-meta":"","stick-header-meta":"","header-above-stick-meta":"","header-main-stick-meta":"","header-below-stick-meta":"","astra-migrate-meta-layouts":"default","ast-page-background-enabled":"default","ast-page-background-meta":{"desktop":{"background-color":"var(--ast-global-color-4)","background-image":"","background-repeat":"repeat","background-position":"center center","background-size":"auto","background-attachment":"scroll","background-type":"","background-media":"","overlay-type":"","overlay-color":"","overlay-opacity":"","overlay-gradient":""},"tablet":{"background-color":"","background-image":"","background-repeat":"repeat","background-position":"center center","background-size":"auto","background-attachment":"scroll","background-type":"","background-media":"","overlay-type":"","overlay-color":"","overlay-opacity":"","overlay-gradient":""},"mobile":{"background-color":"","background-image":"","background-repeat":"repeat","background-position":"center center","background-size":"auto","background-attachment":"scroll","background-type":"","background-media":"","overlay-type":"","overlay-color":"","overlay-opacity":"","overlay-gradient":""}},"ast-content-background-meta":{"desktop":{"background-color":"var(--ast-global-color-5)","background-image":"","background-repeat":"repeat","background-position":"center center","background-size":"auto","background-attachment":"scroll","background-type":"","background-media":"","overlay-type":"","overlay-color":"","overlay-opacity":"","overlay-gradient":""},"tablet":{"background-color":"var(--ast-global-color-5)","background-image":"","background-repeat":"repeat","background-position":"center center","background-size":"auto","background-attachment":"scroll","background-type":"","background-media":"","overlay-type":"","overlay-color":"","overlay-opacity":"","overlay-gradient":""},"mobile":{"background-color":"var(--ast-global-color-5)","background-image":"","background-repeat":"repeat","background-position":"center center","background-size":"auto","background-attachment":"scroll","background-type":"","background-media":"","overlay-type":"","overlay-color":"","overlay-opacity":"","overlay-gradient":""}},"footnotes":""},"class_list":["post-1848","page","type-page","status-publish","hentry"],"_links":{"self":[{"href":"https:\/\/www.fenomenmagasinet.se\/index.php?rest_route=\/wp\/v2\/pages\/1848","targetHints":{"allow":["GET"]}}],"collection":[{"href":"https:\/\/www.fenomenmagasinet.se\/index.php?rest_route=\/wp\/v2\/pages"}],"about":[{"href":"https:\/\/www.fenomenmagasinet.se\/index.php?rest_route=\/wp\/v2\/types\/page"}],"author":[{"embeddable":true,"href":"https:\/\/www.fenomenmagasinet.se\/index.php?rest_route=\/wp\/v2\/users\/1"}],"replies":[{"embeddable":true,"href":"https:\/\/www.fenomenmagasinet.se\/index.php?rest_route=%2Fwp%2Fv2%2Fcomments&post=1848"}],"version-history":[{"count":5,"href":"https:\/\/www.fenomenmagasinet.se\/index.php?rest_route=\/wp\/v2\/pages\/1848\/revisions"}],"predecessor-version":[{"id":2286,"href":"https:\/\/www.fenomenmagasinet.se\/index.php?rest_route=\/wp\/v2\/pages\/1848\/revisions\/2286"}],"wp:attachment":[{"href":"https:\/\/www.fenomenmagasinet.se\/index.php?rest_route=%2Fwp%2Fv2%2Fmedia&parent=1848"}],"curies":[{"name":"wp","href":"https:\/\/api.w.org\/{rel}","templated":true}]}}