{"id":1866,"date":"2016-02-19T07:04:41","date_gmt":"2016-02-19T07:04:41","guid":{"rendered":"http:\/\/sites.liu.se\/fenomen\/?page_id=1866"},"modified":"2018-09-26T09:45:14","modified_gmt":"2018-09-26T09:45:14","slug":"halsa-och-livsstil-gy","status":"publish","type":"page","link":"https:\/\/www.fenomenmagasinet.se\/?page_id=1866","title":{"rendered":"H\u00e4lsa och livsstil gymnasiet"},"content":{"rendered":"<h2><strong>\u00d6tzi &#8211; ismannen!<\/strong><\/h2>\n<p>Allt levande p\u00e5 Jorden har hittat ett s\u00e4tt att \u00f6verleva. Enligt evolutionsl\u00e4ran s\u00e5 f\u00f6ds hela tiden nya individer med en viss variation av egenskaper. De som \u00e4r b\u00e4st anpassade till milj\u00f6n \u00f6verlever och kan f\u00f6ra sina gener vidare.<\/p>\n<p>F\u00f6r cirka 5000 \u00e5r sedan levde en man under helt andra villkor \u00e4n vad som g\u00e4ller idag. Han levde som j\u00e4gare och samlare. Precis som andra levande varelser anpassade han sitt liv efter \u00e5rstidens v\u00e4xlingar och d\u00e4r han kunde finna f\u00f6da.<\/p>\n<p>Han dog relativt ung n\u00e4r han f\u00f6rs\u00f6kte passera ett bergspass i Alperna. Tack vare att hans kropp hamnade under sn\u00f6 och is kunde han otroligt v\u00e4lbevarad \u00e5terfinnas under en period d\u00e5 glaci\u00e4risen sm\u00e4lte.<\/p>\n<p>Vad kan vi l\u00e4ra av Ismannen? Hur levde han? Vad \u00e5t han och varf\u00f6r dog han egentligen?<\/p>\n<p>I m\u00e4nniskans historia har v\u00e5rt s\u00e4tt att leva \u00e4ndrat p\u00e5 m\u00e5nga olika s\u00e4tt, men hur har v\u00e5r kropp \u00e4ndrats \u00f6ver tid? V\u00e5r kropp med alla dess funktioner \u00e4r egentligen anpassad f\u00f6r ett helt annat liv, vilket kan ge en f\u00f6rklaring till m\u00e5nga av de h\u00e4lsoproblem vi har idag.<\/p>\n<p>Portr\u00e4ttet av Ismannen kan ge oss m\u00e5nga f\u00f6rklaringar och \u00e4ven funderingar \u00f6ver v\u00e5rt nutida s\u00e4tt att leva.<\/p>\n<p>&nbsp;<\/p>\n","protected":false},"excerpt":{"rendered":"<p>\u00d6tzi &#8211; ismannen! Allt levande p\u00e5 Jorden har hittat ett s\u00e4tt att \u00f6verleva. Enligt evolutionsl\u00e4ran s\u00e5 f\u00f6ds hela tiden nya [&hellip;]<\/p>\n","protected":false},"author":1,"featured_media":0,"parent":0,"menu_order":0,"comment_status":"closed","ping_status":"closed","template":"","meta":{"site-sidebar-layout":"default","site-content-layout":"","ast-site-content-layout":"default","site-content-style":"default","site-sidebar-style":"default","ast-global-header-display":"","ast-banner-title-visibility":"","ast-main-header-display":"","ast-hfb-above-header-display":"","ast-hfb-below-header-display":"","ast-hfb-mobile-header-display":"","site-post-title":"","ast-breadcrumbs-content":"","ast-featured-img":"","footer-sml-layout":"","ast-disable-related-posts":"","theme-transparent-header-meta":"","adv-header-id-meta":"","stick-header-meta":"","header-above-stick-meta":"","header-main-stick-meta":"","header-below-stick-meta":"","astra-migrate-meta-layouts":"default","ast-page-background-enabled":"default","ast-page-background-meta":{"desktop":{"background-color":"var(--ast-global-color-4)","background-image":"","background-repeat":"repeat","background-position":"center center","background-size":"auto","background-attachment":"scroll","background-type":"","background-media":"","overlay-type":"","overlay-color":"","overlay-opacity":"","overlay-gradient":""},"tablet":{"background-color":"","background-image":"","background-repeat":"repeat","background-position":"center center","background-size":"auto","background-attachment":"scroll","background-type":"","background-media":"","overlay-type":"","overlay-color":"","overlay-opacity":"","overlay-gradient":""},"mobile":{"background-color":"","background-image":"","background-repeat":"repeat","background-position":"center center","background-size":"auto","background-attachment":"scroll","background-type":"","background-media":"","overlay-type":"","overlay-color":"","overlay-opacity":"","overlay-gradient":""}},"ast-content-background-meta":{"desktop":{"background-color":"var(--ast-global-color-5)","background-image":"","background-repeat":"repeat","background-position":"center center","background-size":"auto","background-attachment":"scroll","background-type":"","background-media":"","overlay-type":"","overlay-color":"","overlay-opacity":"","overlay-gradient":""},"tablet":{"background-color":"var(--ast-global-color-5)","background-image":"","background-repeat":"repeat","background-position":"center center","background-size":"auto","background-attachment":"scroll","background-type":"","background-media":"","overlay-type":"","overlay-color":"","overlay-opacity":"","overlay-gradient":""},"mobile":{"background-color":"var(--ast-global-color-5)","background-image":"","background-repeat":"repeat","background-position":"center center","background-size":"auto","background-attachment":"scroll","background-type":"","background-media":"","overlay-type":"","overlay-color":"","overlay-opacity":"","overlay-gradient":""}},"footnotes":""},"class_list":["post-1866","page","type-page","status-publish","hentry"],"_links":{"self":[{"href":"https:\/\/www.fenomenmagasinet.se\/index.php?rest_route=\/wp\/v2\/pages\/1866","targetHints":{"allow":["GET"]}}],"collection":[{"href":"https:\/\/www.fenomenmagasinet.se\/index.php?rest_route=\/wp\/v2\/pages"}],"about":[{"href":"https:\/\/www.fenomenmagasinet.se\/index.php?rest_route=\/wp\/v2\/types\/page"}],"author":[{"embeddable":true,"href":"https:\/\/www.fenomenmagasinet.se\/index.php?rest_route=\/wp\/v2\/users\/1"}],"replies":[{"embeddable":true,"href":"https:\/\/www.fenomenmagasinet.se\/index.php?rest_route=%2Fwp%2Fv2%2Fcomments&post=1866"}],"version-history":[{"count":8,"href":"https:\/\/www.fenomenmagasinet.se\/index.php?rest_route=\/wp\/v2\/pages\/1866\/revisions"}],"predecessor-version":[{"id":2364,"href":"https:\/\/www.fenomenmagasinet.se\/index.php?rest_route=\/wp\/v2\/pages\/1866\/revisions\/2364"}],"wp:attachment":[{"href":"https:\/\/www.fenomenmagasinet.se\/index.php?rest_route=%2Fwp%2Fv2%2Fmedia&parent=1866"}],"curies":[{"name":"wp","href":"https:\/\/api.w.org\/{rel}","templated":true}]}}